{"id":91,"date":"2017-11-19T21:48:54","date_gmt":"2017-11-19T20:48:54","guid":{"rendered":"https:\/\/www.oldtimer-auktionen.at\/auktionen\/?page_id=91"},"modified":"2019-05-17T12:24:03","modified_gmt":"2019-05-17T10:24:03","slug":"kontakt","status":"publish","type":"page","link":"https:\/\/www.oldtimer-auktionen.at\/auktionen\/kontakt\/","title":{"rendered":"Kontakt"},"content":{"rendered":"<div class=\"row\">\n<div class=\"col col-sm-6\">\n<p>Dr. BARNEA OLDTIMER AUKTIONEN WIEN (BOAW)<\/p>\n<h4>B\u00fcro<\/h4>\n<p>Esterh\u00e1zygasse 6, 1060 Wien, \u00d6STERREICH<\/p>\n<div class=\"row\" style=\"font-size: 16px; margin-bottom: 5px;\">\n<div class=\"col col-xs-2\" style=\"text-align: left;\">TEL.:<\/div>\n<div class=\"col col-xs-10\">+43 1 586 80 80<\/div>\n<div class=\"col col-xs-2\" style=\"text-align: left;\">MOBILE:<\/div>\n<div class=\"col col-xs-10\">+43 664 10 10 300<\/div>\n<div class=\"col col-xs-2\" style=\"text-align: left;\">E-Mail:<\/div>\n<div class=\"col col-xs-10\"><a href=\"mailto:office@oldtimertreff.com\" target=\"_blank\" rel=\"noopener noreferrer\">office@oldtimertreff.com<\/a><\/div>\n<\/div>\n<p><a href=\"https:\/\/www.oldtimer-auktionen.at\" target=\"_blank\" rel=\"noopener noreferrer\">www.oldtimer-auktionen.at<\/a><br \/>\n<a href=\"http:\/\/www.oldtimertreff.com\" target=\"_blank\" rel=\"noopener noreferrer\">www.oldtimertreff.com<\/a><\/p>\n<hr>\n<div>\n<h4>Garage und Pr\u00fcfstelle<\/h4>\n<p>Rinnb\u00f6ckstra\u00dfe 60a<br \/>\n1110 Wien, Austria<\/p>\n<\/div>\n<\/div>\n<div class=\"col col-sm-6\">\n<h3>B\u00fcro in der Esterhazygasse 6, 1060 Wien<\/h3>\n<p><iframe loading=\"lazy\" style=\"border: 0; width: 500px; height: 250px;\" src=\"https:\/\/www.google.com\/maps\/embed?pb=!1m18!1m12!1m3!1d2659.6128773053374!2d16.350316515651034!3d48.19480987922806!2m3!1f0!2f0!3f0!3m2!1i1024!2i768!4f13.1!3m3!1m2!1s0x476d0789acd0bec1%3A0x3708f8245907957e!2sEsterhazygasse+6%2C+1060+Wien!5e0!3m2!1sde!2sat!4v1511124478582\" allowfullscreen=\"allowfullscreen\" width=\"300\" height=\"150\" frameborder=\"0\"><\/iframe><\/p>\n<h3>Automobilmuseum in Grammatneusiedl<\/h3>\n<p><iframe loading=\"lazy\" style=\"border: 0; width: 500px; height: 250px;\" src=\"https:\/\/www.google.com\/maps\/embed?pb=!1m18!1m12!1m3!1d1831.3336635473113!2d16.472280980613686!3d48.00136687568616!2m3!1f0!2f0!3f0!3m2!1i1024!2i768!4f13.1!3m3!1m2!1s0x476c4d65566bed2d%3A0xd58be814225b5388!2sAutomobil+%26+Motorradmuseum+Austria!5e0!3m2!1sde!2sat!4v1511125035635\" allowfullscreen=\"allowfullscreen\" width=\"300\" height=\"150\" frameborder=\"0\"><\/iframe><\/p>\n<h3>Garage und Pr\u00fcfstelle<\/h3>\n<p><iframe loading=\"lazy\" style=\"border: 0; width: 500px; height: 250px;\" src=\"https:\/\/www.google.com\/maps\/embed?pb=!1m18!1m12!1m3!1d2660.443261480514!2d16.41004975139664!3d48.178810456164854!2m3!1f0!2f0!3f0!3m2!1i1024!2i768!4f13.1!3m3!1m2!1s0x476da9f952c2ed09%3A0x1e00f06a890a08b4!2sRinnb%C3%B6ckstra%C3%9Fe+60%2C+1110+Wien!5e0!3m2!1sde!2sat!4v1558088239214!5m2!1sde!2sat\" allowfullscreen=\"allowfullscreen\" width=\"300\" height=\"150\" frameborder=\"0\"><\/iframe><\/p>\n<\/div>\n<\/div>\n","protected":false},"excerpt":{"rendered":"<p>Dr. BARNEA OLDTIMER AUKTIONEN WIEN (BOAW) B\u00fcro Esterh\u00e1zygasse 6, 1060 Wien, \u00d6STERREICH TEL.: +43 1 586 80 80 MOBILE: +43 664 10 10 300 E-Mail: office@oldtimertreff.com www.oldtimer-auktionen.at www.oldtimertreff.com Garage und Pr\u00fcfstelle Rinnb\u00f6ckstra\u00dfe 60a 1110 Wien, Austria B\u00fcro in der Esterhazygasse 6, 1060 Wien Automobilmuseum in Grammatneusiedl Garage und Pr\u00fcfstelle<\/p>\n","protected":false},"author":1,"featured_media":0,"parent":0,"menu_order":0,"comment_status":"closed","ping_status":"closed","template":"","meta":[],"_links":{"self":[{"href":"https:\/\/www.oldtimer-auktionen.at\/auktionen\/wp-json\/wp\/v2\/pages\/91"}],"collection":[{"href":"https:\/\/www.oldtimer-auktionen.at\/auktionen\/wp-json\/wp\/v2\/pages"}],"about":[{"href":"https:\/\/www.oldtimer-auktionen.at\/auktionen\/wp-json\/wp\/v2\/types\/page"}],"author":[{"embeddable":true,"href":"https:\/\/www.oldtimer-auktionen.at\/auktionen\/wp-json\/wp\/v2\/users\/1"}],"replies":[{"embeddable":true,"href":"https:\/\/www.oldtimer-auktionen.at\/auktionen\/wp-json\/wp\/v2\/comments?post=91"}],"version-history":[{"count":24,"href":"https:\/\/www.oldtimer-auktionen.at\/auktionen\/wp-json\/wp\/v2\/pages\/91\/revisions"}],"predecessor-version":[{"id":1735,"href":"https:\/\/www.oldtimer-auktionen.at\/auktionen\/wp-json\/wp\/v2\/pages\/91\/revisions\/1735"}],"wp:attachment":[{"href":"https:\/\/www.oldtimer-auktionen.at\/auktionen\/wp-json\/wp\/v2\/media?parent=91"}],"curies":[{"name":"wp","href":"https:\/\/api.w.org\/{rel}","templated":true}]}}