{"id":288,"date":"2017-12-05T19:29:39","date_gmt":"2017-12-05T18:29:39","guid":{"rendered":"https:\/\/www.oldtimer-auktionen.at\/auktionen\/?page_id=288"},"modified":"2019-12-09T10:48:12","modified_gmt":"2019-12-09T09:48:12","slug":"fragen-und-antworten","status":"publish","type":"page","link":"https:\/\/www.oldtimer-auktionen.at\/auktionen\/fragen-und-antworten\/","title":{"rendered":"Fragen und Antworten"},"content":{"rendered":"<h1>Was muss ich tun um mitzubieten?<\/h1>\n<p>Um mitzubieten m\u00fcssen Sie sich <a href=\"https:\/\/www.oldtimer-auktionen.at\/auktionen\/wp-login.php?action=register\">REGISTRIEREN<\/a>. Verwenden Sie dazu den Men\u00fcpunkt &#8222;Registrieren&#8220; rechts oben. Nach Ihrer Registrierung erhalten Sie eine e-mail mit der Bitte Ihre Kreditkartendaten bekannt zu geben, und uns eine Ausweiskopie zu senden. Diese verwenden wir, um Ihre Identit\u00e4t zu pr\u00fcfen. Zu diesem Zweck buchen wir \u20ac0,10 von Ihrer Karte ab.<\/p>\n<h1>Ich habe mich geirrt und ein zu hohes Gebot abgegeben, wie kann ich das beheben?<\/h1>\n<p>Schreiben Sie eine e-mail an <a href=\"mailto:office@oldtimertreff.com\" target=\"_blank\" rel=\"noopener noreferrer\">office@oldtimertreff.com<\/a> oder rufen Sie uns unter +43 1 5868080 an. Geben Sie Ihren Benutzernamen (bzw. Ihre Bieternummer) an, und nennen Sie die Auktion auf die Sie das Fehlgebot abgegeben haben. Wir entfernen Ihr Gebot, und Sie k\u00f6nnen es neu eingeben.<\/p>\n<h1>Kann ich das angebotene Fahrzeug besichtigen?<\/h1>\n<p>Das ist m\u00f6glich. Klicken Sie auf die Schaltfl\u00e4che &#8222;Verk\u00e4ufer kontaktieren&#8220;, und fragen Sie nach einem Besichtigungstermin. Die meisten unserer Fahrzeuge befinden sich in unserem Automobilmuseum in Grammatneusiedl.<\/p>\n<h1>Ich habe den Zuschlag f\u00fcr eine Auktion erhalten, wie geht&#8217;s weiter?<\/h1>\n<p>Kontaktieren Sie uns unter <a href=\"mailto:office@oldtimertreff.com\" target=\"_blank\" rel=\"noopener noreferrer\">office@oldtimertreff.com<\/a> oder +43 1 5868080, und vereinbaren Sie mit uns die weiteren Schritte, wie die Zahlung und die Abholung.<br \/>\nBitte beachten Sie, dass eine Auktionsgeb\u00fchr von 6% Ihres Gebots verrechnet wird.<\/p>\n<p><span style=\"color: #ff0000;\">Weltweit einzigartig:\u00a0<\/span>Sollten Sie nach der Versteigerung und Besichtigung (innerhalb von 10 Tagen nach Ersteigerung) kein Interesse an dem ersteigerten Objekt bekunden, so stornieren wir Ihre Verpflichtungen und verrechnen keine Geb\u00fchren.<\/p>\n<h1>Sie wollen Ihr Fahrzeug auf unserer Plattform anbieten?<\/h1>\n<p>Kontaktieren Sie uns unter <a href=\"mailto:office@oldtimertreff.com\" target=\"_blank\" rel=\"noopener noreferrer\">office@oldtimertreff.com<\/a> oder +43 1 5868080. Wir k\u00fcmmern uns um die Erstellung Ihres Angebots auf oldtimer-auktionen.at.<\/p>\n<h1>Was ist die &#8222;Barnea Oldtimer-Garantie&#8220; ?<\/h1>\n<p>Bei eventuell im Zuge eines normalen Oldtimergebrauches auftretenden Schadens, wird dieser von uns fachm\u00e4nnisch behoben, bei Verrechnung von 50 % der Reparaturkosten. Diese Reparaturkosten k\u00f6nnen auf Wunsch von einem Oldtimersachverst\u00e4ndigen gesch\u00e4tzt werden.<\/p>\n","protected":false},"excerpt":{"rendered":"<p>Was muss ich tun um mitzubieten? Um mitzubieten m\u00fcssen Sie sich REGISTRIEREN. Verwenden Sie dazu den Men\u00fcpunkt &#8222;Registrieren&#8220; rechts oben. Nach Ihrer Registrierung erhalten Sie eine e-mail mit der Bitte Ihre Kreditkartendaten bekannt zu geben, und uns eine Ausweiskopie zu senden. Diese verwenden wir, um Ihre Identit\u00e4t zu pr\u00fcfen. Zu diesem Zweck buchen wir \u20ac0,10 [&hellip;]<\/p>\n","protected":false},"author":1,"featured_media":0,"parent":0,"menu_order":0,"comment_status":"closed","ping_status":"closed","template":"","meta":[],"_links":{"self":[{"href":"https:\/\/www.oldtimer-auktionen.at\/auktionen\/wp-json\/wp\/v2\/pages\/288"}],"collection":[{"href":"https:\/\/www.oldtimer-auktionen.at\/auktionen\/wp-json\/wp\/v2\/pages"}],"about":[{"href":"https:\/\/www.oldtimer-auktionen.at\/auktionen\/wp-json\/wp\/v2\/types\/page"}],"author":[{"embeddable":true,"href":"https:\/\/www.oldtimer-auktionen.at\/auktionen\/wp-json\/wp\/v2\/users\/1"}],"replies":[{"embeddable":true,"href":"https:\/\/www.oldtimer-auktionen.at\/auktionen\/wp-json\/wp\/v2\/comments?post=288"}],"version-history":[{"count":7,"href":"https:\/\/www.oldtimer-auktionen.at\/auktionen\/wp-json\/wp\/v2\/pages\/288\/revisions"}],"predecessor-version":[{"id":1816,"href":"https:\/\/www.oldtimer-auktionen.at\/auktionen\/wp-json\/wp\/v2\/pages\/288\/revisions\/1816"}],"wp:attachment":[{"href":"https:\/\/www.oldtimer-auktionen.at\/auktionen\/wp-json\/wp\/v2\/media?parent=288"}],"curies":[{"name":"wp","href":"https:\/\/api.w.org\/{rel}","templated":true}]}}