{"id":2,"date":"2017-11-14T16:15:09","date_gmt":"2017-11-14T15:15:09","guid":{"rendered":"https:\/\/www.oldtimer-auktionen.at\/auktionen\/?page_id=2"},"modified":"2020-05-27T21:36:12","modified_gmt":"2020-05-27T19:36:12","slug":"about_us","status":"publish","type":"page","link":"https:\/\/www.oldtimer-auktionen.at\/auktionen\/about_us\/","title":{"rendered":"\u00fcber uns"},"content":{"rendered":"<h1>Liebe Oldtimerfreunde,<\/h1>\n<p>Erleben Sie spannende Auktionen und erf\u00fcllen Sie sich den Traum unkompliziert und sicher ein au\u00dfergew\u00f6hnliches Fahrzeug zu erwerben. In unserem Angebot finden Sie Oldtimer, Cabrios und Sportwagen. Der Kauf eines Oldtimers vereint den Spa\u00dffaktor mit \u00e4sthetischem Wert und Investment. Ein erworbener Oldtimer ist zertifiziert, marktf\u00e4hig, kreditw\u00fcrdig, tauschf\u00e4hig, wertstabil und investitionsgesch\u00fctzt. Last but not least erf\u00e4hrt man in den letzten Jahren enorme Preissteigerungen.<\/p>\n<p>Gerne sind wir Ihnen bei der diskreten Vermarktung Ihres Oldtimers oder Ihrer Sammlung behilflich. Rufen Sie uns daf\u00fcr bitte an.<\/p>\n<p><img class=\"aligncenter size-large wp-image-45\" style=\"margin-top: 15px; margin-bottom: 15px;\" src=\"https:\/\/www.oldtimer-auktionen.at\/auktionen\/wp-content\/uploads\/2017\/11\/Mercedes-Benz-170DS1952HPwide-1024x192.jpg\" alt=\"\" width=\"100%\" srcset=\"https:\/\/www.oldtimer-auktionen.at\/auktionen\/wp-content\/uploads\/2017\/11\/Mercedes-Benz-170DS1952HPwide-1024x192.jpg 1024w, https:\/\/www.oldtimer-auktionen.at\/auktionen\/wp-content\/uploads\/2017\/11\/Mercedes-Benz-170DS1952HPwide-300x56.jpg 300w, https:\/\/www.oldtimer-auktionen.at\/auktionen\/wp-content\/uploads\/2017\/11\/Mercedes-Benz-170DS1952HPwide-768x144.jpg 768w, https:\/\/www.oldtimer-auktionen.at\/auktionen\/wp-content\/uploads\/2017\/11\/Mercedes-Benz-170DS1952HPwide-150x28.jpg 150w, https:\/\/www.oldtimer-auktionen.at\/auktionen\/wp-content\/uploads\/2017\/11\/Mercedes-Benz-170DS1952HPwide-75x14.jpg 75w, https:\/\/www.oldtimer-auktionen.at\/auktionen\/wp-content\/uploads\/2017\/11\/Mercedes-Benz-170DS1952HPwide-70x13.jpg 70w, https:\/\/www.oldtimer-auktionen.at\/auktionen\/wp-content\/uploads\/2017\/11\/Mercedes-Benz-170DS1952HPwide.jpg 2000w\" sizes=\"(max-width: 1024px) 100vw, 1024px\" \/><\/p>\n<p>Sie k\u00f6nnen sich die laufenden Auktionen unverbindlich ansehen.<br \/>\nUm ein Fahrzeug zu ersteigern oder Ihr eigenes Fahrzeug zu versteigern bitten wir Sie, sich zu registrieren.<\/p>\n<p>Anl\u00e4sslich der Registrierung akzeptieren Sie unsere <a href=\"https:\/\/www.oldtimer-auktionen.at\/auktionen\/agb\/\">AGB<\/a>.<br \/>\nDiese AGB sind umfangreich, entsprechen allerdings in gro\u00dfen Z\u00fcgen den AGB der bekannten internationalen Auktionsh\u00e4user.<br \/>\nSie haben keine &#8222;kleingedruckten&#8220; Nachteile zu bef\u00fcrchten.<\/p>\n<p><strong>Barnea Oldtimer Auktionen Wien (BOAW) ist ein Gesch\u00e4ftszweig der Unternehmensgruppe Dr. Barnea zur Gesch\u00e4ftsanbahnung zwischen Autoliebhabern, Anbietern und Suchenden.<\/strong><\/p>\n<p>Unser Oldtimerbetrieb existiert seit 39 Jahren unter dem gleichen Namen und der gleichen Adresse und gilt als die Nummer eins in \u00d6sterreich.<\/p>\n<p>Der Name <strong>Oldtimertreff Wien<\/strong> steht f\u00fcr seri\u00f6se, kundenorientierte Abwicklungen und verl\u00e4ssliche Transporte.<br \/>\nWeltweite Kontakte und <a href=\"https:\/\/haendler.autoscout24.at\/oldtimertreff-wien-barnea\/bewertungen\">Kundenzufriedenheit<\/a> sind nicht nur unser Anliegen sondern auch unser Markenzeichen.<\/p>\n<hr \/>\n<div class=\"row\">\n<div class=\"col col-sm-4\" style=\"text-align: center; padding: 10px;\"><a href=\"https:\/\/www.oldtimer-auktionen.at\/auktionen\/kontakt\/\"><img class=\"aligncenter size-full wp-image-58\" src=\"https:\/\/www.oldtimer-auktionen.at\/auktionen\/wp-content\/uploads\/2017\/11\/Contact.png\" alt=\"\" width=\"50%\" srcset=\"https:\/\/www.oldtimer-auktionen.at\/auktionen\/wp-content\/uploads\/2017\/11\/Contact.png 500w, https:\/\/www.oldtimer-auktionen.at\/auktionen\/wp-content\/uploads\/2017\/11\/Contact-150x150.png 150w, https:\/\/www.oldtimer-auktionen.at\/auktionen\/wp-content\/uploads\/2017\/11\/Contact-300x300.png 300w, https:\/\/www.oldtimer-auktionen.at\/auktionen\/wp-content\/uploads\/2017\/11\/Contact-110x110.png 110w, https:\/\/www.oldtimer-auktionen.at\/auktionen\/wp-content\/uploads\/2017\/11\/Contact-65x65.png 65w, https:\/\/www.oldtimer-auktionen.at\/auktionen\/wp-content\/uploads\/2017\/11\/Contact-70x70.png 70w\" sizes=\"(max-width: 500px) 100vw, 500px\" \/><\/a><\/div>\n<div class=\"col col-sm-4\" style=\"text-align: center; padding: 10px;\"><a href=\"https:\/\/www.oldtimer-auktionen.at\/auktionen\/datenschutz\/\"><img class=\"aligncenter size-full wp-image-59\" src=\"https:\/\/www.oldtimer-auktionen.at\/auktionen\/wp-content\/uploads\/2017\/11\/500x500-Data-Privacy.png\" alt=\"\" width=\"50%\" srcset=\"https:\/\/www.oldtimer-auktionen.at\/auktionen\/wp-content\/uploads\/2017\/11\/500x500-Data-Privacy.png 500w, https:\/\/www.oldtimer-auktionen.at\/auktionen\/wp-content\/uploads\/2017\/11\/500x500-Data-Privacy-150x150.png 150w, https:\/\/www.oldtimer-auktionen.at\/auktionen\/wp-content\/uploads\/2017\/11\/500x500-Data-Privacy-300x300.png 300w, https:\/\/www.oldtimer-auktionen.at\/auktionen\/wp-content\/uploads\/2017\/11\/500x500-Data-Privacy-110x110.png 110w, https:\/\/www.oldtimer-auktionen.at\/auktionen\/wp-content\/uploads\/2017\/11\/500x500-Data-Privacy-65x65.png 65w, https:\/\/www.oldtimer-auktionen.at\/auktionen\/wp-content\/uploads\/2017\/11\/500x500-Data-Privacy-70x70.png 70w\" sizes=\"(max-width: 500px) 100vw, 500px\" \/><\/a><\/div>\n<div class=\"col col-sm-4\" style=\"text-align: center; padding: 10px;\"><a href=\"https:\/\/www.oldtimer-auktionen.at\/auktionen\/agb\/\"><img class=\"aligncenter size-full wp-image-60\" src=\"https:\/\/www.oldtimer-auktionen.at\/auktionen\/wp-content\/uploads\/2017\/11\/500x500-AGB-1.png\" alt=\"\" width=\"50%\" srcset=\"https:\/\/www.oldtimer-auktionen.at\/auktionen\/wp-content\/uploads\/2017\/11\/500x500-AGB-1.png 500w, https:\/\/www.oldtimer-auktionen.at\/auktionen\/wp-content\/uploads\/2017\/11\/500x500-AGB-1-150x150.png 150w, https:\/\/www.oldtimer-auktionen.at\/auktionen\/wp-content\/uploads\/2017\/11\/500x500-AGB-1-300x300.png 300w, https:\/\/www.oldtimer-auktionen.at\/auktionen\/wp-content\/uploads\/2017\/11\/500x500-AGB-1-110x110.png 110w, https:\/\/www.oldtimer-auktionen.at\/auktionen\/wp-content\/uploads\/2017\/11\/500x500-AGB-1-65x65.png 65w, https:\/\/www.oldtimer-auktionen.at\/auktionen\/wp-content\/uploads\/2017\/11\/500x500-AGB-1-70x70.png 70w\" sizes=\"(max-width: 500px) 100vw, 500px\" \/><\/a><\/div>\n<\/div>\n<hr \/>\n<div class=\"row\">\n<div class=\"col col-sm-4\">\n<h1>Adresse<\/h1>\n<p>Dr. BARNEA OLDTIMER AUKTIONEN WIEN (BOAW)<br \/>\nEsterh\u00e1zygasse 6, 1060 Wien<\/p>\n<div class=\"row\" style=\"font-size: 16px; margin-bottom: 5px;\">\n<div class=\"col col-xs-3\" style=\"text-align: left;\">TEL.:<\/div>\n<div class=\"col col-xs-9\">+43 1 586 80 80<\/div>\n<div class=\"col col-xs-3\" style=\"text-align: left;\">MOBILE:<\/div>\n<div class=\"col col-xs-9\">+43 664 10 10 300<\/div>\n<div class=\"col col-xs-3\" style=\"text-align: left;\">E-Mail:<\/div>\n<div class=\"col col-xs-9\"><a href=\"mailto:office@oldtimertreff.com\" target=\"_blank\" rel=\"noopener noreferrer\">office@oldtimertreff.com<\/a><\/div>\n<\/div>\n<p><a href=\"https:\/\/www.oldtimer-auktionen.at\" target=\"_blank\" rel=\"noopener noreferrer\">www.oldtimer-auktionen.at<\/a><br \/>\n<a href=\"http:\/\/www.oldtimertreff.com\" target=\"_blank\" rel=\"noopener noreferrer\">www.oldtimertreff.com<\/a><\/p>\n<\/div>\n<div class=\"col col-sm-4\">\n<h1>Museum<\/h1>\n<p>Heinrich-L\u00f6ri-Gasse 1<br \/>\n2440 Gramatneusiedl<\/p>\n<p style=\"text-align: center;\"><iframe loading=\"lazy\" src=\"https:\/\/www.youtube.com\/embed\/nKe78ql8UfY\" width=\"100%\" height=\"400\" frameborder=\"0\" allowfullscreen=\"allowfullscreen\"><\/iframe><\/p>\n<\/div>\n<div class=\"col col-sm-4\">\n<h1>Webshop<\/h1>\n<p>Unseren Online-Shop finden sie <a title=\" zum Online-Shop \" href=\"https:\/\/haendler.autoscout24.at\/oldtimertreff-wien-barnea\/fahrzeuge?ipc=dealerinfo-home|stocklist&amp;ipl=offer-all#atype=C&amp;cid=18662838&amp;ustate=U,N,A&amp;sort=price&amp;results=20&amp;page=1\" target=\"_blank\" rel=\"noopener noreferrer\"><u>hier<\/u><\/a><\/p>\n<\/div>\n<\/div>\n<hr \/>\n<h1>Dr. Jackob BARNEA<\/h1>\n<h2>Biographie<\/h2>\n<p><img style=\"float: left; margin: 0 10px 10px 0;\" src=\"https:\/\/www.oldtimer-auktionen.at\/auktionen\/wp-content\/uploads\/2017\/11\/Barnea-Homepage-Foto-933x1024-273x300.jpg\" alt=\"\" width=\"150\" \/>Auktionator und Firmengr\u00fcnder, Jackob BARNEA, begann als Medizinstudent Oldtimer zu sammeln und zu restaurieren. Ende 1980 mietete Barnea Wiens \u00e4lteste KFZ- Reparaturwerkst\u00e4tte, renovierte diese und begann, auch f\u00fcr Kunden zu restaurieren. Nebenbei wurden Oldtimer angekauft und sowohl national als auch international verkauft. Barnea begann, interessante Oldtimer und Sportwagen zu sammeln und diese sowohl an Filmgesellschaften, Werbeagenturen und Photographen f\u00fcr diverse Produktionen, als auch an Privatpersonen f\u00fcr Hochzeits- und Geburtstagsfahrten zu <a href=\"http:\/\/www.oldtimertreff.com\/index.php\/vermietung\" target=\"_blank\" rel=\"noopener noreferrer\">vermieten<\/a>.<br \/>\nMittlerweile betreibt Dr. Barnea mit mehr als 200 Fahrzeugen Europas gr\u00f6\u00dftes Oldtimervermietungsunternehmen und pr\u00e4sentiert, in seinem seit 1997 existierenden Automobil-Museum, Automobile und Motorr\u00e4der aus der Zeit von 1886 bis 1996, darunter viele Rarit\u00e4ten. (<a href=\"http:\/\/www.oldtimertreff.com\" target=\"_blank\" rel=\"noopener noreferrer\">www.oldtimertreff.com<\/a>) Zur Abrundung bietet Dr. Barnea f\u00fcr Firmen und Organisationen Oldtimer-Rallyes und Sportwagen-<a href=\"http:\/\/www.oldtimertreff.com\/index.php\/events\" target=\"_blank\" rel=\"noopener noreferrer\">Events<\/a> an und ist seit 30 Jahren Pr\u00e4sident des Oldtimer-Automobilclub-Austria.<\/p>\n<div style=\"clear: both;\"><\/div>\n<h2>Biography<\/h2>\n<p>Auctioneer and Founder Jackob BARNEA started purchasing and restoring classic and vintage cars during his time as a Med.-student. Towards the end of the 1980s Barnea restored Vienna\u2019s oldest repair shop and started restoring vehicles for clients as well. On the side he also bought and sold vintage cars of all sorts nationally and internationally. Around this period he started collecting interesting cars and hired them out for film-productions, advertising, photo shootings, weddings and other occasions alike.<\/p>\n<p>1997 Jackob Barnea founded his automobile museum, where motorcycles and cars dating from 1886 to 1996, among them many classics and rarities, are presented till this day. Nowadays Dr. Barnea owns more than 200 Vehicles and runs Europe\u2019s largest rental company for classic cars. (<a href=\"http:\/\/www.oldtimertreff.com\" target=\"_blank\" rel=\"noopener noreferrer\">www.oldtimertreff.com<\/a>) To round that off, he organizes custom made classic and sports car rallies and events for companies and organisations and is also the president of the Oldtimer-Automobileclub-Autria since 30 years.<\/p>\n<h2>Classic cars and tradition &#8211; Vienna is calling!<\/h2>\n<p><img loading=\"lazy\" class=\" wp-image-566 alignleft\" src=\"https:\/\/www.oldtimer-auktionen.at\/auktionen\/wp-content\/uploads\/2017\/12\/Heldenplatz_Oldtimer-Gro\u00df-2-300x140.jpg\" alt=\"\" width=\"326\" height=\"152\" srcset=\"https:\/\/www.oldtimer-auktionen.at\/auktionen\/wp-content\/uploads\/2017\/12\/Heldenplatz_Oldtimer-Gro\u00df-2-300x140.jpg 300w, https:\/\/www.oldtimer-auktionen.at\/auktionen\/wp-content\/uploads\/2017\/12\/Heldenplatz_Oldtimer-Gro\u00df-2-768x358.jpg 768w, https:\/\/www.oldtimer-auktionen.at\/auktionen\/wp-content\/uploads\/2017\/12\/Heldenplatz_Oldtimer-Gro\u00df-2-1024x477.jpg 1024w, https:\/\/www.oldtimer-auktionen.at\/auktionen\/wp-content\/uploads\/2017\/12\/Heldenplatz_Oldtimer-Gro\u00df-2-150x70.jpg 150w, https:\/\/www.oldtimer-auktionen.at\/auktionen\/wp-content\/uploads\/2017\/12\/Heldenplatz_Oldtimer-Gro\u00df-2-75x35.jpg 75w, https:\/\/www.oldtimer-auktionen.at\/auktionen\/wp-content\/uploads\/2017\/12\/Heldenplatz_Oldtimer-Gro\u00df-2-70x33.jpg 70w, https:\/\/www.oldtimer-auktionen.at\/auktionen\/wp-content\/uploads\/2017\/12\/Heldenplatz_Oldtimer-Gro\u00df-2.jpg 1920w\" sizes=\"(max-width: 326px) 100vw, 326px\" \/><\/p>\n<p>Kunden aus dem In- und Ausland schlagen wir vor, im Zuge eines eventuellen Oldtimer-Erwerbs einen zwei- bis dreit\u00e4gigen Aufenthalt im romantischen Wien zu t\u00e4tigen, verbunden mit unserer freundlichen Betreuung inklusive Besuchs unseres Automobil- und Motorradmuseums. Weiters bieten wir die M\u00f6glichkeiten, einen bei uns erworbenen Oldtimer mit unserem \u00dcberstellungskennzeichen nach Hause zu fahren.<\/p>\n<p>PS: Wir verf\u00fcgen ebenfalls \u00fcber g\u00fcnstige und verl\u00e4ssliche Transportm\u00f6glichkeiten europaweit.<\/p>\n<p>We advise our customers from abroad, in the course of a possible purchase of one of our classic cars, to stay two to three days in the romantic city of Vienna. Our kind support and a visit to our Automotive Museum are included. Furthermore, we offer you the possibility to drive home the purchased classic car with our transfer license plate.<\/p>\n<p>PS: We also offer cheap and reliable transport facilities all over Europe.<\/p>\n<h2>Neueste Reaktionen unserer Kunden<\/h2>\n<p>Sehr geehrter Herr Dr. Barnea und lieber Jackob,<\/p>\n<p>danke! Ganz unsererseits die Freude \u00fcber unsere Bekanntschaft. Das erste Mal waren wir in Wien und lernen gleich einen der aktivsten und liebensw\u00fcrdigsten Menschen dort kennen.\u00a0Was f\u00fcr eine Freude! Danke auch besonders f\u00fcr die gemeinsame Zeit! Wir freuen uns auf ein Wiedersehen.<\/p>\n<p>Bis bald und sch\u00f6ne Gr\u00fc\u00dfe aus Leipzig.<\/p>\n<p>Henri Mai<\/p>\n<hr \/>\n<p>Sehr geehrter Herr Dr. Barnea,<\/p>\n<p>gerne komme ich auf unsere Kaufabwicklung f\u00fcr den Jagdwagen VW Typ 18 Bj 1977 zur\u00fcck. Nach Besichtigung hatten wir folgende Arbeiten vor \u00dcbernahme vereinbart:<\/p>\n<ul>\n<li>Bremsinstandsetzung<\/li>\n<li>Vorf\u00fchrung \u00a7 57a<\/li>\n<li>Eintragung als \u201eHistorisches Fahrzeug\u201c im Typenschein<\/li>\n<li>Diverse Servicearbeiten wie\n<ul>\n<li>Motor\u00f6lwechsel inklusive \u00d6lsiebreinigung und Neuabdichtung<\/li>\n<li>Getriebedifferenzial\u00f6lkontrolle<\/li>\n<li>Abschmierung<\/li>\n<li>Z\u00fcndkerzenerneuerung<\/li>\n<li>Ventileinstellung und Erneuerung der Ventildeckelabdichtungen<\/li>\n<li>Bodenplatteninspektion und bei Vorhandensein von eventuelle Rostans\u00e4tzen fachm\u00e4nnische Eliminierung, Grundierung und Versiegelung mit einer schwarzen Farbe<\/li>\n<li>Einrichtung einer St\u00fctzvorrichtung um die Windschutzscheibe vorklappen zu k\u00f6nne, ohne dass die Scheibenwischer oder der Lack besch\u00e4digt werden<\/li>\n<\/ul>\n<\/li>\n<li>Genehnigungskonformer R\u00fcckbau eines \u00dcberrollb\u00fcgels<\/li>\n<\/ul>\n<p>S\u00e4mtliche dieser Arbeiten wurden vereinbarungsgem\u00e4\u00df vorgenommen. Au\u00dferdem wurde das Fahrzeug wunschgem\u00e4\u00df zu einem VW H\u00e4ndler in Wien zugestellt.<\/p>\n<p>Nochmals herzlichen Dank f\u00fcr die gute Abwicklung<\/p>\n<p>Mit freundlichen Gr\u00fc\u00dfen<\/p>\n<p>Johann Schallert<br \/>\nVorarlberg<\/p>\n","protected":false},"excerpt":{"rendered":"<p>Liebe Oldtimerfreunde, Erleben Sie spannende Auktionen und erf\u00fcllen Sie sich den Traum unkompliziert und sicher ein au\u00dfergew\u00f6hnliches Fahrzeug zu erwerben. In unserem Angebot finden Sie Oldtimer, Cabrios und Sportwagen. Der Kauf eines Oldtimers vereint den Spa\u00dffaktor mit \u00e4sthetischem Wert und Investment. Ein erworbener Oldtimer ist zertifiziert, marktf\u00e4hig, kreditw\u00fcrdig, tauschf\u00e4hig, wertstabil und investitionsgesch\u00fctzt. Last but not [&hellip;]<\/p>\n","protected":false},"author":1,"featured_media":0,"parent":0,"menu_order":0,"comment_status":"closed","ping_status":"open","template":"","meta":[],"_links":{"self":[{"href":"https:\/\/www.oldtimer-auktionen.at\/auktionen\/wp-json\/wp\/v2\/pages\/2"}],"collection":[{"href":"https:\/\/www.oldtimer-auktionen.at\/auktionen\/wp-json\/wp\/v2\/pages"}],"about":[{"href":"https:\/\/www.oldtimer-auktionen.at\/auktionen\/wp-json\/wp\/v2\/types\/page"}],"author":[{"embeddable":true,"href":"https:\/\/www.oldtimer-auktionen.at\/auktionen\/wp-json\/wp\/v2\/users\/1"}],"replies":[{"embeddable":true,"href":"https:\/\/www.oldtimer-auktionen.at\/auktionen\/wp-json\/wp\/v2\/comments?post=2"}],"version-history":[{"count":44,"href":"https:\/\/www.oldtimer-auktionen.at\/auktionen\/wp-json\/wp\/v2\/pages\/2\/revisions"}],"predecessor-version":[{"id":1852,"href":"https:\/\/www.oldtimer-auktionen.at\/auktionen\/wp-json\/wp\/v2\/pages\/2\/revisions\/1852"}],"wp:attachment":[{"href":"https:\/\/www.oldtimer-auktionen.at\/auktionen\/wp-json\/wp\/v2\/media?parent=2"}],"curies":[{"name":"wp","href":"https:\/\/api.w.org\/{rel}","templated":true}]}}